{"id":43283,"date":"2024-04-20T11:32:03","date_gmt":"2024-04-20T09:32:03","guid":{"rendered":"https:\/\/www.dynatos.com\/resources\/"},"modified":"2024-12-09T19:59:06","modified_gmt":"2024-12-09T18:59:06","slug":"resources","status":"publish","type":"page","link":"https:\/\/staging.dynatos.com\/es\/resources\/","title":{"rendered":"Resources"},"content":{"rendered":"<section class=\"l-section wpb_row us_custom_00115de6 height_medium\"><div class=\"l-section-h i-cf\"><div class=\"g-cols vc_row via_flex valign_top type_default stacking_default\"><div class=\"vc_col-sm-7 wpb_column vc_column_container\"><div class=\"vc_column-inner\"><div class=\"wpb_wrapper\"><div id=\"breadcrumbs\"><\/div><div class=\"wpb_text_column us_custom_cdd035e8\"><div class=\"wpb_wrapper\">\n<\/div><\/div><div class=\"w-separator size_small\"><\/div><div class=\"wpb_text_column\"><div class=\"wpb_wrapper\"><h1>Descargas<\/h1>\n<\/div><\/div><div class=\"wpb_text_column us_custom_f44e772f\"><div class=\"wpb_wrapper\"><p>Contenido disponible y eventos organizados por expertos de la industria con pasi\u00f3n por Finanzas y Compras.<\/p>\n<\/div><\/div><div class=\"w-separator size_small\"><\/div><div class=\"wpb_text_column\"><div class=\"wpb_wrapper\"><p>Ofrecemos contenido y eventos creados por expertos enfocados en finanzas y compras, proporcionando valiosos conocimientos y herramientas para la transformaci\u00f3n.<\/p>\n<\/div><\/div><div class=\"w-separator size_small\"><\/div><div class=\"w-btn-wrapper align_none\"><a class=\"w-btn us-btn-style_2\" href=\"\/es\/contact\/\"><span class=\"w-btn-label\">Hablemos<\/span><\/a><\/div><\/div><\/div><\/div><div class=\"vc_col-sm-5 wpb_column vc_column_container has_bg_color\"><div class=\"vc_column-inner us_custom_eef4bbb8\"><div class=\"wpb_wrapper\"><div class=\"w-vwrapper align_none valign_top\" style=\"--vwrapper-gap:1.3rem\"><div class=\"w-image us_custom_7a007450 box-shadow move-with-mouse-3 has_ratio align_none\"><div class=\"w-image-h\"><div style=\"padding-bottom:72.9927%\"><\/div><img decoding=\"async\" width=\"600\" height=\"400\" src=\"https:\/\/staging.dynatos.com\/wp-content\/uploads\/2024\/07\/076-Dynatos_Customer_Care_Event_MeginZondervan-edit-600x400.jpg\" class=\"attachment-medium size-medium\" alt=\"\" loading=\"lazy\" \/><\/div><\/div><div class=\"w-image us_custom_139ba1d8 box-shadow move-with-mouse-3 has_ratio align_none\"><div class=\"w-image-h\"><div style=\"padding-bottom:200%\"><\/div><img decoding=\"async\" width=\"407\" height=\"400\" src=\"https:\/\/staging.dynatos.com\/wp-content\/uploads\/2024\/07\/015-Dynatos_Customer_Care_Event_MeginZondervan-edit-407x400.jpg\" class=\"attachment-medium size-medium\" alt=\"\" loading=\"lazy\" \/><\/div><\/div><div class=\"w-image us_custom_e80009e6 box-shadow move-with-mouse-3 has_ratio align_none\"><div class=\"w-image-h\"><div style=\"padding-bottom:100%\"><\/div><img decoding=\"async\" width=\"600\" height=\"400\" src=\"https:\/\/staging.dynatos.com\/wp-content\/uploads\/2024\/07\/Dynatos-Kick-off-24-RVM-_FVV3493-small-600x400.jpg\" class=\"attachment-medium size-medium\" alt=\"\" loading=\"lazy\" \/><\/div><\/div><\/div><div class=\"w-hwrapper us_custom_b0f678a3 box-shadow move-with-mouse-1 valign_middle align_none\" style=\"--hwrapper-gap:0.5rem\"><div class=\"w-image us_custom_27cd3f53 center-vertically has_height align_left\"><div target=\"_blank\" class=\"w-image-h\"><img decoding=\"async\" src=\"https:\/\/staging.dynatos.com\/wp-content\/uploads\/2024\/08\/resources-dyn.svg\" class=\"attachment-us_350_350 size-us_350_350\" alt=\"\" loading=\"lazy\" \/><\/div><\/div><div class=\"w-vwrapper align_none valign_top\" style=\"--vwrapper-gap:-1rem\"><div class=\"wpb_text_column us_custom_8d4690c5 has_text_color\"><div class=\"wpb_wrapper\"><p><strong>+150<\/strong><\/p>\n<\/div><\/div><div class=\"wpb_text_column us_custom_48e71eab has_text_color\"><div class=\"wpb_wrapper\"><p>recursos en l\u00ednea<\/p>\n<\/div><\/div><\/div><\/div><div class=\"w-hwrapper us_custom_c42d0400 box-shadow move-with-mouse-1 valign_middle align_none\" style=\"--hwrapper-gap:0.5rem\"><div class=\"w-image us_custom_27cd3f53 center-vertically has_height align_left\"><div target=\"_blank\" class=\"w-image-h\"><img decoding=\"async\" src=\"https:\/\/staging.dynatos.com\/wp-content\/uploads\/2024\/08\/knowledge-categories.svg\" class=\"attachment-us_350_350 size-us_350_350\" alt=\"\" loading=\"lazy\" \/><\/div><\/div><div class=\"w-vwrapper align_none valign_top\" style=\"--vwrapper-gap:-1rem\"><div class=\"wpb_text_column us_custom_8d4690c5 has_text_color\"><div class=\"wpb_wrapper\"><p><strong>9<\/strong><\/p>\n<\/div><\/div><div class=\"wpb_text_column us_custom_48e71eab has_text_color\"><div class=\"wpb_wrapper\"><p>categor\u00edas de conocimiento<\/p>\n<\/div><\/div><\/div><\/div><div class=\"w-hwrapper us_custom_8515b7c3 box-shadow move-with-mouse-1 valign_middle align_none\" style=\"--hwrapper-gap:0.5rem\"><div class=\"w-image us_custom_27cd3f53 center-vertically has_height align_left\"><div target=\"_blank\" class=\"w-image-h\"><img decoding=\"async\" src=\"https:\/\/staging.dynatos.com\/wp-content\/uploads\/2024\/08\/expert-tribes.svg\" class=\"attachment-us_350_350 size-us_350_350\" alt=\"\" loading=\"lazy\" \/><\/div><\/div><div class=\"w-vwrapper align_none valign_top\" style=\"--vwrapper-gap:-1rem\"><div class=\"wpb_text_column us_custom_8d4690c5 has_text_color\"><div class=\"wpb_wrapper\"><p><strong>6<\/strong><\/p>\n<\/div><\/div><div class=\"wpb_text_column us_custom_48e71eab has_text_color\"><div class=\"wpb_wrapper\"><p>tribus internas de expertos<\/p>\n<\/div><\/div><\/div><\/div><\/div><\/div><\/div><\/div><\/div><\/section><section class=\"l-section wpb_row dark-blue-gradient-grid-inner height_medium\"><div class=\"l-section-h i-cf\"><div class=\"g-cols vc_row via_flex valign_top type_default stacking_default\"><div class=\"vc_col-sm-6 wpb_column vc_column_container\"><div class=\"vc_column-inner\"><div class=\"wpb_wrapper\"><div class=\"wpb_text_column\"><div class=\"wpb_wrapper\"><h2>Asistir<\/h2>\n<p>Participa con l\u00edderes de la industria a trav\u00e9s de nuestros eventos enfocados en la transformaci\u00f3n de finanzas y compras. Obt\u00e9n valiosos conocimientos y estrategias para mejorar tus operaciones comerciales.<\/p>\n<p>Asiste a sesiones en vivo o accede a grabaciones bajo demanda para lograr resultados medibles.<\/p>\n<\/div><\/div><\/div><\/div><\/div><div class=\"vc_col-sm-6 wpb_column vc_column_container\"><div class=\"vc_column-inner\"><div class=\"wpb_wrapper\"><div class=\"g-cols wpb_row via_flex valign_top type_default stacking_default\"><div class=\"vc_col-sm-6 wpb_column vc_column_container\"><div class=\"vc_column-inner us_custom_b6a72ce1\"><div class=\"wpb_wrapper\"><div class=\"w-iconbox iconpos_top style_default color_custom align_left\"><div class=\"w-iconbox-icon\" style=\"font-size:1rem;--icon-color:#FF8E04;\"><i class=\"far fa-calendar-day\"><\/i><\/div><div class=\"w-iconbox-meta\"><h3 class=\"w-iconbox-title\" style=\"font-size:1rem;\">Eventos<\/h3><div class=\"w-iconbox-text\"><p>Nuestros pr\u00f3ximos seminarios web, eventos para clientes y sesiones para usuarios finales ofrecen valiosos conocimientos y estrategias pr\u00e1cticas para la transformaci\u00f3n de finanzas y compras.<\/p>\n<\/div><\/div><\/div><div class=\"w-separator size_custom\" style=\"height:1rem\"><\/div><div class=\"w-btn-wrapper align_none\"><a class=\"w-btn us-btn-style_13 arrow-right-after\" href=\"\/es\/resources\/eventos\/\"><span class=\"w-btn-label\">Lee m\u00e1s<\/span><\/a><\/div><\/div><\/div><\/div><div class=\"vc_col-sm-6 wpb_column vc_column_container\"><div class=\"vc_column-inner us_custom_b6a72ce1\"><div class=\"wpb_wrapper\"><div class=\"w-iconbox us_custom_5089b866 iconpos_top style_default color_custom align_left\"><div class=\"w-iconbox-icon\" style=\"font-size:1rem;--icon-color:#FF8E04;\"><i class=\"far fa-users-class\"><\/i><\/div><div class=\"w-iconbox-meta\"><h3 class=\"w-iconbox-title\" style=\"font-size:1rem;\">Bajo demanda (Webinar)<\/h3><div class=\"w-iconbox-text\"><p>Accede a nuestra biblioteca bajo demanda con webinars grabados, conocimientos de expertos y estrategias pr\u00e1cticas para la transformaci\u00f3n de finanzas y compras.<\/p>\n<\/div><\/div><\/div><div class=\"w-separator size_custom\" style=\"height:1rem\"><\/div><div class=\"w-btn-wrapper align_none\"><a class=\"w-btn us-btn-style_13 arrow-right-after\" href=\"\/es\/resources\/on-demand\/\"><span class=\"w-btn-label\">Lee m\u00e1s<\/span><\/a><\/div><\/div><\/div><\/div><\/div><\/div><\/div><\/div><\/div><\/div><\/section><section class=\"l-section wpb_row dark-blue-gradient-grid-inner height_medium\"><div class=\"l-section-h i-cf\"><div class=\"g-cols vc_row via_flex valign_top type_default stacking_default\"><div class=\"vc_col-sm-6 wpb_column vc_column_container\"><div class=\"vc_column-inner\"><div class=\"wpb_wrapper\"><div class=\"wpb_text_column\"><div class=\"wpb_wrapper\"><h2>Descubrir<\/h2>\n<p>Explora una gran cantidad de conocimientos en nuestro portafolio, blogs y descargas. Obt\u00e9n ideas de expertos de la industria y accede a herramientas valiosas para impulsar la transformaci\u00f3n de tus finanzas y compras.<\/p>\n<p>Descubre soluciones pr\u00e1cticas y estrategias innovadoras para mejorar tus operaciones comerciales. Comienza a explorar hoy y desbloquea tu potencial.<\/p>\n<\/div><\/div><\/div><\/div><\/div><div class=\"vc_col-sm-6 wpb_column vc_column_container\"><div class=\"vc_column-inner\"><div class=\"wpb_wrapper\"><div class=\"g-cols wpb_row via_flex valign_top type_default stacking_default\"><div class=\"vc_col-sm-6 wpb_column vc_column_container\"><div class=\"vc_column-inner us_custom_b6a72ce1\"><div class=\"wpb_wrapper\"><div class=\"w-iconbox iconpos_top style_default color_custom align_left\"><div class=\"w-iconbox-icon\" style=\"font-size:1rem;--icon-color:#FF8E04;\"><i class=\"far fa-album-collection\"><\/i><\/div><div class=\"w-iconbox-meta\"><h3 class=\"w-iconbox-title\" style=\"font-size:1rem;\">Casos<\/h3><div class=\"w-iconbox-text\"><p>Explora nuestro portafolio para descubrir casos de estudio, historias de \u00e9xito y soluciones innovadoras que demuestran nuestra experiencia.<\/p>\n<\/div><\/div><\/div><div class=\"w-separator size_custom\" style=\"height:1rem\"><\/div><div class=\"w-btn-wrapper align_none\"><a class=\"w-btn us-btn-style_13 arrow-right-after\" href=\"\/es\/resources\/portfolio\/\"><span class=\"w-btn-label\">Lee m\u00e1s<\/span><\/a><\/div><\/div><\/div><\/div><div class=\"vc_col-sm-6 wpb_column vc_column_container\"><div class=\"vc_column-inner us_custom_b6a72ce1\"><div class=\"wpb_wrapper\"><div class=\"w-iconbox us_custom_5089b866 iconpos_top style_default color_custom align_left\"><div class=\"w-iconbox-icon\" style=\"font-size:1rem;--icon-color:#FF8E04;\"><i class=\"far fa-cloud-download\"><\/i><\/div><div class=\"w-iconbox-meta\"><h3 class=\"w-iconbox-title\" style=\"font-size:1rem;\">Descargas<\/h3><div class=\"w-iconbox-text\"><p>Descarga nuestros libros blancos, eBooks, infograf\u00edas, gu\u00edas y hojas de datos que ofrecen valiosos conocimientos.<\/p>\n<\/div><\/div><\/div><div class=\"w-separator size_custom\" style=\"height:1rem\"><\/div><div class=\"w-btn-wrapper align_none\"><a class=\"w-btn us-btn-style_13 arrow-right-after\" href=\"\/es\/resources\/downloads\/\"><span class=\"w-btn-label\">Lee m\u00e1s<\/span><\/a><\/div><\/div><\/div><\/div><\/div><div class=\"g-cols wpb_row via_flex valign_top type_default stacking_default\"><div class=\"vc_col-sm-12 wpb_column vc_column_container\"><div class=\"vc_column-inner us_custom_b6a72ce1\"><div class=\"wpb_wrapper\"><div class=\"w-iconbox iconpos_top style_default color_custom align_left\"><div class=\"w-iconbox-icon\" style=\"font-size:1rem;--icon-color:#FF8E04;\"><i class=\"far fa-newspaper\"><\/i><\/div><div class=\"w-iconbox-meta\"><h3 class=\"w-iconbox-title\" style=\"font-size:1rem;\">Blogs<\/h3><div class=\"w-iconbox-text\"><p>Nuestra secci\u00f3n de blogs ofrece las \u00faltimas ideas y actualizaciones sobre la transformaci\u00f3n de finanzas y compras. No te pierdas nuestro blog en vivo para seguir los avances en los mandatos de facturaci\u00f3n electr\u00f3nica.<\/p>\n<\/div><\/div><\/div><div class=\"w-separator size_custom\" style=\"height:1rem\"><\/div><div class=\"w-btn-wrapper align_none\"><a class=\"w-btn us-btn-style_13 arrow-right-after\" href=\"\/es\/resources\/blog\/\"><span class=\"w-btn-label\">Lee m\u00e1s<\/span><\/a><\/div><\/div><\/div><\/div><\/div><\/div><\/div><\/div><\/div><\/div><\/section>\n","protected":false},"excerpt":{"rendered":"Descargas Contenido disponible y eventos organizados por expertos de la industria con pasi\u00f3n por Finanzas y Compras. Ofrecemos contenido y...","protected":false},"author":13,"featured_media":0,"parent":0,"menu_order":3,"comment_status":"closed","ping_status":"closed","template":"","meta":{"_acf_changed":false,"content-type":"","inline_featured_image":false,"footnotes":""},"class_list":["post-43283","page","type-page","status-publish","hentry"],"acf":[],"yoast_head":"<!-- This site is optimized with the Yoast SEO Premium plugin v27.0 (Yoast SEO v27.2) - https:\/\/yoast.com\/product\/yoast-seo-premium-wordpress\/ -->\n<title>Resources - Dynatos<\/title>\n<meta name=\"description\" content=\"Contenido creado y eventos organizados por expertos de la industria con pasi\u00f3n por Finanzas y Adquisiciones.\" \/>\n<meta name=\"robots\" content=\"noindex, follow, max-snippet:-1, max-image-preview:large, max-video-preview:-1\" \/>\n<meta property=\"og:locale\" content=\"es_ES\" \/>\n<meta property=\"og:type\" content=\"article\" \/>\n<meta property=\"og:title\" content=\"Resources\" \/>\n<meta property=\"og:description\" content=\"Contenido creado y eventos organizados por expertos de la industria con pasi\u00f3n por Finanzas y Adquisiciones.\" \/>\n<meta property=\"og:url\" content=\"https:\/\/staging.dynatos.com\/es\/resources\/\" \/>\n<meta property=\"og:site_name\" content=\"Dynatos\" \/>\n<meta property=\"article:modified_time\" content=\"2024-12-09T18:59:06+00:00\" \/>\n<meta name=\"twitter:card\" content=\"summary_large_image\" \/>\n<script type=\"application\/ld+json\" class=\"yoast-schema-graph\">{\"@context\":\"https:\/\/schema.org\",\"@graph\":[{\"@type\":\"WebPage\",\"@id\":\"https:\/\/staging.dynatos.com\/es\/resources\/\",\"url\":\"https:\/\/staging.dynatos.com\/es\/resources\/\",\"name\":\"Resources - Dynatos\",\"isPartOf\":{\"@id\":\"https:\/\/staging.dynatos.com\/es\/#website\"},\"datePublished\":\"2024-04-20T09:32:03+00:00\",\"dateModified\":\"2024-12-09T18:59:06+00:00\",\"description\":\"Contenido creado y eventos organizados por expertos de la industria con pasi\u00f3n por Finanzas y Adquisiciones.\",\"inLanguage\":\"es\",\"potentialAction\":[{\"@type\":\"ReadAction\",\"target\":[\"https:\/\/staging.dynatos.com\/es\/resources\/\"]}]},{\"@type\":\"WebSite\",\"@id\":\"https:\/\/staging.dynatos.com\/es\/#website\",\"url\":\"https:\/\/staging.dynatos.com\/es\/\",\"name\":\"Dynatos\",\"description\":\"Intelligent Finance Automation\",\"potentialAction\":[{\"@type\":\"SearchAction\",\"target\":{\"@type\":\"EntryPoint\",\"urlTemplate\":\"https:\/\/staging.dynatos.com\/es\/?s={search_term_string}\"},\"query-input\":{\"@type\":\"PropertyValueSpecification\",\"valueRequired\":true,\"valueName\":\"search_term_string\"}}],\"inLanguage\":\"es\"}]}<\/script>\n<!-- \/ Yoast SEO Premium plugin. -->","yoast_head_json":{"title":"Resources - Dynatos","description":"Contenido creado y eventos organizados por expertos de la industria con pasi\u00f3n por Finanzas y Adquisiciones.","robots":{"index":"noindex","follow":"follow","max-snippet":"max-snippet:-1","max-image-preview":"max-image-preview:large","max-video-preview":"max-video-preview:-1"},"og_locale":"es_ES","og_type":"article","og_title":"Resources","og_description":"Contenido creado y eventos organizados por expertos de la industria con pasi\u00f3n por Finanzas y Adquisiciones.","og_url":"https:\/\/staging.dynatos.com\/es\/resources\/","og_site_name":"Dynatos","article_modified_time":"2024-12-09T18:59:06+00:00","twitter_card":"summary_large_image","schema":{"@context":"https:\/\/schema.org","@graph":[{"@type":"WebPage","@id":"https:\/\/staging.dynatos.com\/es\/resources\/","url":"https:\/\/staging.dynatos.com\/es\/resources\/","name":"Resources - Dynatos","isPartOf":{"@id":"https:\/\/staging.dynatos.com\/es\/#website"},"datePublished":"2024-04-20T09:32:03+00:00","dateModified":"2024-12-09T18:59:06+00:00","description":"Contenido creado y eventos organizados por expertos de la industria con pasi\u00f3n por Finanzas y Adquisiciones.","inLanguage":"es","potentialAction":[{"@type":"ReadAction","target":["https:\/\/staging.dynatos.com\/es\/resources\/"]}]},{"@type":"WebSite","@id":"https:\/\/staging.dynatos.com\/es\/#website","url":"https:\/\/staging.dynatos.com\/es\/","name":"Dynatos","description":"Intelligent Finance Automation","potentialAction":[{"@type":"SearchAction","target":{"@type":"EntryPoint","urlTemplate":"https:\/\/staging.dynatos.com\/es\/?s={search_term_string}"},"query-input":{"@type":"PropertyValueSpecification","valueRequired":true,"valueName":"search_term_string"}}],"inLanguage":"es"}]}},"jetpack_sharing_enabled":true,"_links":{"self":[{"href":"https:\/\/staging.dynatos.com\/es\/wp-json\/wp\/v2\/pages\/43283","targetHints":{"allow":["GET"]}}],"collection":[{"href":"https:\/\/staging.dynatos.com\/es\/wp-json\/wp\/v2\/pages"}],"about":[{"href":"https:\/\/staging.dynatos.com\/es\/wp-json\/wp\/v2\/types\/page"}],"author":[{"embeddable":true,"href":"https:\/\/staging.dynatos.com\/es\/wp-json\/wp\/v2\/users\/13"}],"replies":[{"embeddable":true,"href":"https:\/\/staging.dynatos.com\/es\/wp-json\/wp\/v2\/comments?post=43283"}],"version-history":[{"count":6,"href":"https:\/\/staging.dynatos.com\/es\/wp-json\/wp\/v2\/pages\/43283\/revisions"}],"predecessor-version":[{"id":48551,"href":"https:\/\/staging.dynatos.com\/es\/wp-json\/wp\/v2\/pages\/43283\/revisions\/48551"}],"wp:attachment":[{"href":"https:\/\/staging.dynatos.com\/es\/wp-json\/wp\/v2\/media?parent=43283"}],"curies":[{"name":"wp","href":"https:\/\/api.w.org\/{rel}","templated":true}]}}