{"id":44758,"date":"2024-09-10T12:44:15","date_gmt":"2024-09-10T10:44:15","guid":{"rendered":"https:\/\/www.dynatos.com\/cookie-policy\/"},"modified":"2024-10-14T13:55:58","modified_gmt":"2024-10-14T11:55:58","slug":"cookie-policy","status":"publish","type":"page","link":"https:\/\/staging.dynatos.com\/de\/cookie-policy\/","title":{"rendered":"Cookie-Richtlinie"},"content":{"rendered":"<section class=\"l-section wpb_row height_medium\"><div class=\"l-section-h i-cf\"><div class=\"g-cols vc_row via_flex valign_top type_default stacking_default\"><div class=\"vc_col-sm-12 wpb_column vc_column_container\"><div class=\"vc_column-inner\"><div class=\"wpb_wrapper\"><div class=\"g-cols wpb_row via_flex valign_top type_default stacking_default\"><div class=\"vc_col-sm-12 wpb_column vc_column_container\"><div class=\"vc_column-inner\"><div class=\"wpb_wrapper\"><div class=\"wpb_text_column\"><div class=\"wpb_wrapper\"><h1>Cookie-Richtlinie<\/h1>\n<\/div><\/div><\/div><\/div><\/div><\/div><div class=\"w-separator size_small\"><\/div>[vc_raw_html]JTNDc2NyaXB0JTIwaWQlM0QlMjJDb29raWVEZWNsYXJhdGlvbiUyMiUyMHNyYyUzRCUyMmh0dHBzJTNBJTJGJTJGY29uc2VudC5jb29raWVib3QuY29tJTJGNTkwZTlmNTUtM2NiNS00ZmVlLTgwZTctMTRiODg0ZmIwNWQ0JTJGY2QuanMlMjIlMjB0eXBlJTNEJTIydGV4dCUyRmphdmFzY3JpcHQlMjIlMjBhc3luYyUzRSUzQyUyRnNjcmlwdCUzRQ==[\/vc_raw_html]<\/div><\/div><\/div><\/div><\/div><\/section>\n","protected":false},"excerpt":{"rendered":"Cookie-Richtlinie [vc_raw_html]JTNDc2NyaXB0JTIwaWQlM0QlMjJDb29raWVEZWNsYXJhdGlvbiUyMiUyMHNyYyUzRCUyMmh0dHBzJTNBJTJGJTJGY29uc2VudC5jb29raWVib3QuY29tJTJGNTkwZTlmNTUtM2NiNS00ZmVlLTgwZTctMTRiODg0ZmIwNWQ0JTJGY2QuanMlMjIlMjB0eXBlJTNEJTIydGV4dCUyRmphdmFzY3JpcHQlMjIlMjBhc3luYyUzRSUzQyUyRnNjcmlwdCUzRQ==[\/vc_raw_html]","protected":false},"author":13,"featured_media":0,"parent":0,"menu_order":101,"comment_status":"closed","ping_status":"closed","template":"","meta":{"_acf_changed":false,"content-type":"","inline_featured_image":false,"footnotes":""},"class_list":["post-44758","page","type-page","status-publish","hentry"],"acf":[],"yoast_head":"<!-- This site is optimized with the Yoast SEO Premium plugin v27.0 (Yoast SEO v27.2) - https:\/\/yoast.com\/product\/yoast-seo-premium-wordpress\/ -->\n<title>Cookie-Richtlinie - Dynatos<\/title>\n<meta name=\"description\" content=\"Cookie-Richtlinie. Wir verwenden verschiedene Arten von Cookies auf unserer Website. Wir halten es f\u00fcr wichtig, dass du die Kontrolle \u00fcber deine Online-Privatsph\u00e4re hast.\" \/>\n<meta name=\"robots\" content=\"noindex, follow\" \/>\n<meta property=\"og:locale\" content=\"de_DE\" \/>\n<meta property=\"og:type\" content=\"article\" \/>\n<meta property=\"og:title\" content=\"Cookie-Richtlinie\" \/>\n<meta property=\"og:description\" content=\"Cookie-Richtlinie. Wir verwenden verschiedene Arten von Cookies auf unserer Website. Wir halten es f\u00fcr wichtig, dass du die Kontrolle \u00fcber deine Online-Privatsph\u00e4re hast.\" \/>\n<meta property=\"og:url\" content=\"https:\/\/staging.dynatos.com\/de\/cookie-policy\/\" \/>\n<meta property=\"og:site_name\" content=\"Dynatos\" \/>\n<meta property=\"article:modified_time\" content=\"2024-10-14T11:55:58+00:00\" \/>\n<meta name=\"twitter:card\" content=\"summary_large_image\" \/>\n<script type=\"application\/ld+json\" class=\"yoast-schema-graph\">{\"@context\":\"https:\/\/schema.org\",\"@graph\":[{\"@type\":\"WebPage\",\"@id\":\"https:\/\/staging.dynatos.com\/de\/cookie-policy\/\",\"url\":\"https:\/\/staging.dynatos.com\/de\/cookie-policy\/\",\"name\":\"Cookie-Richtlinie - Dynatos\",\"isPartOf\":{\"@id\":\"https:\/\/staging.dynatos.com\/de\/#website\"},\"datePublished\":\"2024-09-10T10:44:15+00:00\",\"dateModified\":\"2024-10-14T11:55:58+00:00\",\"description\":\"Cookie-Richtlinie. Wir verwenden verschiedene Arten von Cookies auf unserer Website. Wir halten es f\u00fcr wichtig, dass du die Kontrolle \u00fcber deine Online-Privatsph\u00e4re hast.\",\"inLanguage\":\"de\",\"potentialAction\":[{\"@type\":\"ReadAction\",\"target\":[\"https:\/\/staging.dynatos.com\/de\/cookie-policy\/\"]}]},{\"@type\":\"WebSite\",\"@id\":\"https:\/\/staging.dynatos.com\/de\/#website\",\"url\":\"https:\/\/staging.dynatos.com\/de\/\",\"name\":\"Dynatos\",\"description\":\"Intelligent Finance Automation\",\"potentialAction\":[{\"@type\":\"SearchAction\",\"target\":{\"@type\":\"EntryPoint\",\"urlTemplate\":\"https:\/\/staging.dynatos.com\/de\/?s={search_term_string}\"},\"query-input\":{\"@type\":\"PropertyValueSpecification\",\"valueRequired\":true,\"valueName\":\"search_term_string\"}}],\"inLanguage\":\"de\"}]}<\/script>\n<!-- \/ Yoast SEO Premium plugin. -->","yoast_head_json":{"title":"Cookie-Richtlinie - Dynatos","description":"Cookie-Richtlinie. Wir verwenden verschiedene Arten von Cookies auf unserer Website. Wir halten es f\u00fcr wichtig, dass du die Kontrolle \u00fcber deine Online-Privatsph\u00e4re hast.","robots":{"index":"noindex","follow":"follow"},"og_locale":"de_DE","og_type":"article","og_title":"Cookie-Richtlinie","og_description":"Cookie-Richtlinie. Wir verwenden verschiedene Arten von Cookies auf unserer Website. Wir halten es f\u00fcr wichtig, dass du die Kontrolle \u00fcber deine Online-Privatsph\u00e4re hast.","og_url":"https:\/\/staging.dynatos.com\/de\/cookie-policy\/","og_site_name":"Dynatos","article_modified_time":"2024-10-14T11:55:58+00:00","twitter_card":"summary_large_image","schema":{"@context":"https:\/\/schema.org","@graph":[{"@type":"WebPage","@id":"https:\/\/staging.dynatos.com\/de\/cookie-policy\/","url":"https:\/\/staging.dynatos.com\/de\/cookie-policy\/","name":"Cookie-Richtlinie - Dynatos","isPartOf":{"@id":"https:\/\/staging.dynatos.com\/de\/#website"},"datePublished":"2024-09-10T10:44:15+00:00","dateModified":"2024-10-14T11:55:58+00:00","description":"Cookie-Richtlinie. Wir verwenden verschiedene Arten von Cookies auf unserer Website. Wir halten es f\u00fcr wichtig, dass du die Kontrolle \u00fcber deine Online-Privatsph\u00e4re hast.","inLanguage":"de","potentialAction":[{"@type":"ReadAction","target":["https:\/\/staging.dynatos.com\/de\/cookie-policy\/"]}]},{"@type":"WebSite","@id":"https:\/\/staging.dynatos.com\/de\/#website","url":"https:\/\/staging.dynatos.com\/de\/","name":"Dynatos","description":"Intelligent Finance Automation","potentialAction":[{"@type":"SearchAction","target":{"@type":"EntryPoint","urlTemplate":"https:\/\/staging.dynatos.com\/de\/?s={search_term_string}"},"query-input":{"@type":"PropertyValueSpecification","valueRequired":true,"valueName":"search_term_string"}}],"inLanguage":"de"}]}},"jetpack_sharing_enabled":true,"_links":{"self":[{"href":"https:\/\/staging.dynatos.com\/de\/wp-json\/wp\/v2\/pages\/44758","targetHints":{"allow":["GET"]}}],"collection":[{"href":"https:\/\/staging.dynatos.com\/de\/wp-json\/wp\/v2\/pages"}],"about":[{"href":"https:\/\/staging.dynatos.com\/de\/wp-json\/wp\/v2\/types\/page"}],"author":[{"embeddable":true,"href":"https:\/\/staging.dynatos.com\/de\/wp-json\/wp\/v2\/users\/13"}],"replies":[{"embeddable":true,"href":"https:\/\/staging.dynatos.com\/de\/wp-json\/wp\/v2\/comments?post=44758"}],"version-history":[{"count":1,"href":"https:\/\/staging.dynatos.com\/de\/wp-json\/wp\/v2\/pages\/44758\/revisions"}],"predecessor-version":[{"id":47675,"href":"https:\/\/staging.dynatos.com\/de\/wp-json\/wp\/v2\/pages\/44758\/revisions\/47675"}],"wp:attachment":[{"href":"https:\/\/staging.dynatos.com\/de\/wp-json\/wp\/v2\/media?parent=44758"}],"curies":[{"name":"wp","href":"https:\/\/api.w.org\/{rel}","templated":true}]}}